{"id":35,"date":"2025-03-25T18:03:54","date_gmt":"2025-03-25T21:03:54","guid":{"rendered":"https:\/\/rosenhaim.com.br\/contabilidade\/?page_id=35"},"modified":"2025-03-25T18:15:19","modified_gmt":"2025-03-25T21:15:19","slug":"abertura-de-empresas-porto-alegre-contabilidade-escritorio","status":"publish","type":"page","link":"https:\/\/rosenhaim.com.br\/contabilidade\/abertura-de-empresas-porto-alegre-contabilidade-escritorio\/","title":{"rendered":"Abertura de Empresas"},"content":{"rendered":"\n<h2 class=\"wp-block-heading\">Abertura de Empresas: o in\u00edcio estrat\u00e9gico de uma grande jornada<\/h2>\n\n\n\n<div style=\"height:33px\" aria-hidden=\"true\" class=\"wp-block-spacer\"><\/div>\n\n\n\n<p>Abrir uma empresa n\u00e3o \u00e9 apenas um ato burocr\u00e1tico, \u00e9 uma decis\u00e3o de coragem, vis\u00e3o e responsabilidade. Todo novo neg\u00f3cio nasce de um sonho: seja de independ\u00eancia, de crescimento, de estabilidade ou de transformar uma ideia em solu\u00e7\u00e3o real no mercado. E \u00e9 exatamente por isso que a abertura da empresa precisa ser feita com clareza, planejamento e respaldo t\u00e9cnico.<\/p>\n\n\n\n<p>No escrit\u00f3rio Rosenhaim Contabilidade, entendemos que cada CNPJ representa mais do que uma formaliza\u00e7\u00e3o. Representa o ponto de partida de uma jornada empreendedora que precisa estar bem estruturada desde o primeiro passo. Escolher o tipo societ\u00e1rio ideal, o regime tribut\u00e1rio mais vantajoso e garantir que toda a documenta\u00e7\u00e3o esteja em conformidade com a legisla\u00e7\u00e3o s\u00e3o decis\u00f5es que influenciam diretamente nos resultados do neg\u00f3cio a curto, m\u00e9dio e longo prazo.<\/p>\n\n\n\n<p>Nossa equipe atua lado a lado com o cliente desde o primeiro contato. Avaliamos o perfil do empreendedor, a natureza da atividade, os riscos envolvidos e os objetivos de crescimento, para que a escolha do enquadramento jur\u00eddico e tribut\u00e1rio seja a mais estrat\u00e9gica poss\u00edvel. \u00c9 muito mais do que protocolar pap\u00e9is\u2026 \u00e9 sobre proteger o futuro da empresa desde o in\u00edcio.<\/p>\n\n\n\n<p>Ao longo dos anos, vimos muitos neg\u00f3cios nascerem com potencial, mas enfrentarem dificuldades por decis\u00f5es erradas ou falta de orienta\u00e7\u00e3o na abertura. Por isso, nossa miss\u00e3o \u00e9 garantir que o empreendedor se sinta seguro, assistido e preparado para dar seus primeiros passos com tranquilidade e consci\u00eancia.<\/p>\n\n\n\n<p>Se voc\u00ea est\u00e1 pensando em empreender, ou formalizar sua atividade, saiba que n\u00e3o est\u00e1 sozinho. Conte com quem tem experi\u00eancia, zelo e comprometimento. A abertura da sua empresa pode at\u00e9 ser o in\u00edcio da sua jornada, mas para n\u00f3s, \u00e9 um compromisso com o seu sucesso!<\/p>\n\n\n\n<div style=\"height:35px\" aria-hidden=\"true\" class=\"wp-block-spacer\"><\/div>\n\n\n\n<p class=\"has-text-align-center\"><a href=\"https:\/\/wa.me\/5551999660071\"><strong>TIRE SUAS D\u00daVIDAS AQUI!<\/strong><\/a><\/p>\n","protected":false},"excerpt":{"rendered":"<p>Abertura de Empresas: o in\u00edcio estrat\u00e9gico de uma grande jornada Abrir uma empresa n\u00e3o \u00e9 apenas um ato burocr\u00e1tico, \u00e9 uma decis\u00e3o de coragem, vis\u00e3o e responsabilidade. Todo novo neg\u00f3cio nasce de um sonho: seja de independ\u00eancia, de crescimento, de estabilidade ou de transformar uma ideia em solu\u00e7\u00e3o real no mercado. E \u00e9 exatamente por<br \/><a class=\"btn btn-theme post-btn\" href=\"https:\/\/rosenhaim.com.br\/contabilidade\/abertura-de-empresas-porto-alegre-contabilidade-escritorio\/\">Ler mais<\/a><\/p>\n","protected":false},"author":1,"featured_media":0,"parent":0,"menu_order":0,"comment_status":"closed","ping_status":"closed","template":"templates\/fullwidth.php","meta":{"footnotes":"","_links_to":"","_links_to_target":""},"class_list":["post-35","page","type-page","status-publish","hentry"],"_links":{"self":[{"href":"https:\/\/rosenhaim.com.br\/contabilidade\/wp-json\/wp\/v2\/pages\/35","targetHints":{"allow":["GET"]}}],"collection":[{"href":"https:\/\/rosenhaim.com.br\/contabilidade\/wp-json\/wp\/v2\/pages"}],"about":[{"href":"https:\/\/rosenhaim.com.br\/contabilidade\/wp-json\/wp\/v2\/types\/page"}],"author":[{"embeddable":true,"href":"https:\/\/rosenhaim.com.br\/contabilidade\/wp-json\/wp\/v2\/users\/1"}],"replies":[{"embeddable":true,"href":"https:\/\/rosenhaim.com.br\/contabilidade\/wp-json\/wp\/v2\/comments?post=35"}],"version-history":[{"count":2,"href":"https:\/\/rosenhaim.com.br\/contabilidade\/wp-json\/wp\/v2\/pages\/35\/revisions"}],"predecessor-version":[{"id":45,"href":"https:\/\/rosenhaim.com.br\/contabilidade\/wp-json\/wp\/v2\/pages\/35\/revisions\/45"}],"wp:attachment":[{"href":"https:\/\/rosenhaim.com.br\/contabilidade\/wp-json\/wp\/v2\/media?parent=35"}],"curies":[{"name":"wp","href":"https:\/\/api.w.org\/{rel}","templated":true}]}}